{"id":530,"date":"2024-05-10T13:44:25","date_gmt":"2024-05-10T13:44:25","guid":{"rendered":"https:\/\/primaria-online.primaria.eu\/?page_id=530"},"modified":"2024-05-23T07:06:28","modified_gmt":"2024-05-23T07:06:28","slug":"noutati","status":"publish","type":"page","link":"https:\/\/primaria-online.primaria.eu\/noutati\/","title":{"rendered":"Noutati"},"content":{"rendered":"<div class=\"fusion-fullwidth fullwidth-box fusion-builder-row-1 fusion-flex-container has-pattern-background has-mask-background nonhundred-percent-fullwidth non-hundred-percent-height-scrolling\" style=\"--awb-border-radius-top-left:0px;--awb-border-radius-top-right:0px;--awb-border-radius-bottom-right:0px;--awb-border-radius-bottom-left:0px;--awb-margin-top:30px;\" id=\" post-news\" ><div class=\"fusion-builder-row fusion-row fusion-flex-align-items-flex-start\" style=\"max-width:1248px;margin-left: calc(-4% \/ 2 );margin-right: calc(-4% \/ 2 );\"><div class=\"fusion-layout-column fusion_builder_column fusion-builder-column-0 fusion_builder_column_1_1 1_1 fusion-flex-column\" style=\"--awb-bg-size:cover;--awb-width-large:100%;--awb-margin-top-large:20px;--awb-spacing-right-large:1.92%;--awb-margin-bottom-large:20px;--awb-spacing-left-large:1.92%;--awb-width-medium:100%;--awb-order-medium:0;--awb-spacing-right-medium:1.92%;--awb-spacing-left-medium:1.92%;--awb-width-small:100%;--awb-order-small:0;--awb-spacing-right-small:1.92%;--awb-spacing-left-small:1.92%;\" data-motion-effects=\"[{&quot;type&quot;:&quot;&quot;,&quot;scroll_type&quot;:&quot;transition&quot;,&quot;scroll_direction&quot;:&quot;up&quot;,&quot;transition_speed&quot;:&quot;1&quot;,&quot;fade_type&quot;:&quot;in&quot;,&quot;scale_type&quot;:&quot;up&quot;,&quot;initial_scale&quot;:&quot;1&quot;,&quot;max_scale&quot;:&quot;1.5&quot;,&quot;min_scale&quot;:&quot;0.5&quot;,&quot;initial_rotate&quot;:&quot;0&quot;,&quot;end_rotate&quot;:&quot;30&quot;,&quot;initial_blur&quot;:&quot;0&quot;,&quot;end_blur&quot;:&quot;3&quot;,&quot;start_element&quot;:&quot;top&quot;,&quot;start_viewport&quot;:&quot;bottom&quot;,&quot;end_element&quot;:&quot;bottom&quot;,&quot;end_viewport&quot;:&quot;top&quot;,&quot;mouse_effect&quot;:&quot;track&quot;,&quot;mouse_effect_direction&quot;:&quot;opposite&quot;,&quot;mouse_effect_speed&quot;:&quot;2&quot;,&quot;infinite_animation&quot;:&quot;float&quot;,&quot;infinite_animation_speed&quot;:&quot;2&quot;}]\" data-scroll-devices=\"small-visibility,medium-visibility,large-visibility\"><div class=\"fusion-column-wrapper fusion-column-has-shadow fusion-flex-justify-content-flex-start fusion-content-layout-row\"><div class=\"fusion-post-cards fusion-post-cards-1 fusion-grid-archive\" style=\"--awb-column-spacing:0px;--awb-dots-align:center;--awb-columns:1;--awb-active-filter-border-size:2px;--awb-filters-height:25px;--awb-row-spacing:20px;--awb-filters-alignment-medium:flex-start;--awb-filters-alignment-small:flex-start;\"><div><ul class=\"fusion-filters\" role=\"menu\" aria-label=\"Post Filters\"><li role=\"presentation\" class=\"fusion-filter fusion-filter-all fusion-active\"><a href=\"#\" data-filter=\"*\" role=\"menuitem\">All<\/a><\/li><li role=\"presentation\" class=\"fusion-filter fusion-hidden\"><a href=\"#\" data-filter=\".angajari\" role=\"menuitem\">Angajari<\/a><\/li><li role=\"presentation\" class=\"fusion-filter fusion-hidden\"><a href=\"#\" data-filter=\".proiecte-europene\" role=\"menuitem\">Proiecte europene<\/a><\/li><li role=\"presentation\" class=\"fusion-filter fusion-hidden\"><a href=\"#\" data-filter=\".stiri\" role=\"menuitem\">Stiri<\/a><\/li><\/ul><\/div><ul class=\"fusion-grid fusion-grid-1 fusion-flex-align-items-flex-start fusion-grid-posts-cards\"><li class=\"fusion-layout-column fusion_builder_column fusion-builder-column-1 fusion-flex-column post_card_list post-card fusion-grid-column fusion-post-cards-grid-column angajari\" style=\"--awb-padding-top:16px;--awb-padding-right:16px;--awb-padding-bottom:16px;--awb-padding-left:16px;--awb-overflow:visible;--awb-bg-color:var(--awb-color1);--awb-bg-color-hover:var(--awb-color1);--awb-bg-blend:overlay;--awb-bg-size:cover;--awb-box-shadow:2px 2px 3px -79px #f0f3ff;;--awb-border-color:var(--awb-color7);--awb-border-style:solid;--awb-border-radius:8px 8px 8px 8px;\" data-motion-effects=\"[{&quot;type&quot;:&quot;&quot;,&quot;scroll_type&quot;:&quot;transition&quot;,&quot;scroll_direction&quot;:&quot;up&quot;,&quot;transition_speed&quot;:&quot;1&quot;,&quot;fade_type&quot;:&quot;in&quot;,&quot;scale_type&quot;:&quot;up&quot;,&quot;initial_scale&quot;:&quot;1&quot;,&quot;max_scale&quot;:&quot;1.5&quot;,&quot;min_scale&quot;:&quot;0.5&quot;,&quot;initial_rotate&quot;:&quot;0&quot;,&quot;end_rotate&quot;:&quot;30&quot;,&quot;initial_blur&quot;:&quot;0&quot;,&quot;end_blur&quot;:&quot;3&quot;,&quot;start_element&quot;:&quot;top&quot;,&quot;start_viewport&quot;:&quot;bottom&quot;,&quot;end_element&quot;:&quot;bottom&quot;,&quot;end_viewport&quot;:&quot;top&quot;,&quot;mouse_effect&quot;:&quot;track&quot;,&quot;mouse_effect_direction&quot;:&quot;opposite&quot;,&quot;mouse_effect_speed&quot;:&quot;2&quot;,&quot;infinite_animation&quot;:&quot;float&quot;,&quot;infinite_animation_speed&quot;:&quot;2&quot;}]\" data-scroll-devices=\"small-visibility,medium-visibility,large-visibility\"><div class=\"fusion-column-wrapper fusion-column-has-shadow fusion-flex-justify-content-flex-start fusion-content-layout-column\"><div class=\"fusion-builder-row fusion-builder-row-inner fusion-row fusion-flex-align-items-flex-start\" style=\"width:104% !important;max-width:104% !important;margin-left: calc(-4% \/ 2 );margin-right: calc(-4% \/ 2 );\"><div class=\"fusion-layout-column fusion_builder_column_inner fusion-builder-nested-column-0 fusion_builder_column_inner_1_3 1_3 fusion-flex-column\" style=\"--awb-bg-size:cover;--awb-width-large:33.333333333333%;--awb-margin-top-large:0px;--awb-spacing-right-large:5.76%;--awb-margin-bottom-large:20px;--awb-spacing-left-large:5.76%;--awb-width-medium:33.333333333333%;--awb-order-medium:0;--awb-spacing-right-medium:5.76%;--awb-spacing-left-medium:5.76%;--awb-width-small:100%;--awb-order-small:0;--awb-spacing-right-small:1.92%;--awb-spacing-left-small:1.92%;\"><div class=\"fusion-column-wrapper fusion-column-has-shadow fusion-flex-justify-content-flex-start fusion-content-layout-column\"><div class=\"fusion-classic-product-image-wrapper fusion-woo-product-image fusion-post-card-image fusion-post-card-image-1 has-aspect-ratio\" data-layout=\"static\" style=\"--awb-aspect-ratio:1 \/ 1;\"><div  class=\"fusion-image-wrapper\" aria-haspopup=\"true\">\n\t\t\t\t\t\t\t<a href=\"https:\/\/primaria-online.primaria.eu\/blog\/noutate\/titlu-stire-2\/\" aria-label=\"Reparatii drum national\">\n\t\t\t\t\t\t\t<img decoding=\"async\" width=\"405\" height=\"203\" src=\"https:\/\/primaria-online.primaria.eu\/wp-content\/uploads\/2024\/04\/Fixed-Aspect-Ratio-2.png\" class=\"attachment-full size-full wp-post-image\" alt=\"\" srcset=\"https:\/\/primaria-online.primaria.eu\/wp-content\/uploads\/2024\/04\/Fixed-Aspect-Ratio-2-200x100.png 200w, https:\/\/primaria-online.primaria.eu\/wp-content\/uploads\/2024\/04\/Fixed-Aspect-Ratio-2-400x200.png 400w, https:\/\/primaria-online.primaria.eu\/wp-content\/uploads\/2024\/04\/Fixed-Aspect-Ratio-2.png 405w\" sizes=\"(min-width: 2200px) 100vw, (min-width: 640px) 1200px, \" \/>\t\t\t<\/a>\n\t\t\t\t\t\t\t<\/div>\n<\/div><\/div><\/div><div class=\"fusion-layout-column fusion_builder_column_inner fusion-builder-nested-column-1 fusion_builder_column_inner_2_3 2_3 fusion-flex-column\" style=\"--awb-bg-size:cover;--awb-width-large:66.666666666667%;--awb-margin-top-large:0px;--awb-spacing-right-large:2.88%;--awb-margin-bottom-large:20px;--awb-spacing-left-large:2.88%;--awb-width-medium:66.666666666667%;--awb-order-medium:0;--awb-spacing-right-medium:2.88%;--awb-spacing-left-medium:2.88%;--awb-width-small:100%;--awb-order-small:0;--awb-spacing-right-small:1.92%;--awb-spacing-left-small:1.92%;\"><div class=\"fusion-column-wrapper fusion-column-has-shadow fusion-flex-justify-content-flex-start fusion-content-layout-column\"><div class=\"fusion-title title fusion-title-1 fusion-sep-none fusion-title-text fusion-title-size-two\" style=\"--awb-margin-bottom:40px;--awb-font-size:24px;\"><h2 class=\"title-heading-left\" style=\"font-family:&quot;Inter&quot;;font-style:normal;font-weight:700;margin:0;font-size:1em;\"><a href=\"https:\/\/primaria-online.primaria.eu\/blog\/noutate\/titlu-stire-2\/\" class=\"awb-custom-text-color awb-custom-text-hover-color\" target=\"_self\">Reparatii drum national<\/a><\/h2><\/div><div class=\"fusion-meta-tb fusion-meta-tb-1 floated\" style=\"--awb-height:36px;--awb-text-color:var(--awb-color6);--awb-alignment-medium:flex-start;--awb-alignment-small:flex-start;\"><\/div><div class=\"fusion-content-tb fusion-content-tb-1\" style=\"--awb-text-color:var(--awb-color6);--awb-font-size:16px;--awb-margin-top:20px;--awb-text-transform:none;--awb-text-font-family:&quot;Inter&quot;;--awb-text-font-style:normal;--awb-text-font-weight:400;\"><p>AV\u00c2ND \u00ceN VEDERE C\u0102:<br>\nDrumul Na\u021bional [Num\u0103r DN] traverseaz\u0103 teritoriul administrativ al ora\u0219ului [Nume Ora\u0219], fiind una dintre arterele principale de transport.<br>\nStarea actual\u0103 a drumului na\u021bional prezint\u0103 deterior\u0103ri semnificative, inclusiv fisuri \u0219i gropi, care afecteaz\u0103 traficul rutier \u0219i siguran\u021ba cet\u0103\u021benilor.<br>\nConsult\u0103rile publice privind reabilitarea drumului au avut loc pe [data], iar propunerile \u0219i preocup\u0103rile cet\u0103\u021benilor au fost luate \u00een considerare.<br>\nBugetul local \u0219i cel na\u021bional includ aloc\u0103ri specifice pentru repara\u021bii \u0219i \u00eentre\u021binerea infrastructurii rutiere pentru anul fiscal [introduce\u021bi anul fiscal].<br>\nS-au solicitat avize tehnice [\u2026]\n<\/p><\/div><div class=\"fusion-meta-tb fusion-meta-tb-2 floated\" style=\"--awb-height:36px;--awb-text-color:var(--awb-color6);--awb-alignment-medium:flex-start;--awb-alignment-small:flex-start;\"><span class=\"fusion-tb-published-date\">Published On: 18 aprilie 2024<\/span><span class=\"fusion-meta-tb-sep\"><\/span><\/div><\/div><\/div><\/div><\/div><\/li>\n<li class=\"fusion-layout-column fusion_builder_column fusion-builder-column-2 fusion-flex-column post_card_list post-card fusion-grid-column fusion-post-cards-grid-column stiri\" style=\"--awb-padding-top:16px;--awb-padding-right:16px;--awb-padding-bottom:16px;--awb-padding-left:16px;--awb-overflow:visible;--awb-bg-color:var(--awb-color1);--awb-bg-color-hover:var(--awb-color1);--awb-bg-blend:overlay;--awb-bg-size:cover;--awb-box-shadow:2px 2px 3px -79px #f0f3ff;;--awb-border-color:var(--awb-color7);--awb-border-style:solid;--awb-border-radius:8px 8px 8px 8px;\" data-motion-effects=\"[{&quot;type&quot;:&quot;&quot;,&quot;scroll_type&quot;:&quot;transition&quot;,&quot;scroll_direction&quot;:&quot;up&quot;,&quot;transition_speed&quot;:&quot;1&quot;,&quot;fade_type&quot;:&quot;in&quot;,&quot;scale_type&quot;:&quot;up&quot;,&quot;initial_scale&quot;:&quot;1&quot;,&quot;max_scale&quot;:&quot;1.5&quot;,&quot;min_scale&quot;:&quot;0.5&quot;,&quot;initial_rotate&quot;:&quot;0&quot;,&quot;end_rotate&quot;:&quot;30&quot;,&quot;initial_blur&quot;:&quot;0&quot;,&quot;end_blur&quot;:&quot;3&quot;,&quot;start_element&quot;:&quot;top&quot;,&quot;start_viewport&quot;:&quot;bottom&quot;,&quot;end_element&quot;:&quot;bottom&quot;,&quot;end_viewport&quot;:&quot;top&quot;,&quot;mouse_effect&quot;:&quot;track&quot;,&quot;mouse_effect_direction&quot;:&quot;opposite&quot;,&quot;mouse_effect_speed&quot;:&quot;2&quot;,&quot;infinite_animation&quot;:&quot;float&quot;,&quot;infinite_animation_speed&quot;:&quot;2&quot;}]\" data-scroll-devices=\"small-visibility,medium-visibility,large-visibility\"><div class=\"fusion-column-wrapper fusion-column-has-shadow fusion-flex-justify-content-flex-start fusion-content-layout-column\"><div class=\"fusion-builder-row fusion-builder-row-inner fusion-row fusion-flex-align-items-flex-start\" style=\"width:104% !important;max-width:104% !important;margin-left: calc(-4% \/ 2 );margin-right: calc(-4% \/ 2 );\"><div class=\"fusion-layout-column fusion_builder_column_inner fusion-builder-nested-column-2 fusion_builder_column_inner_1_3 1_3 fusion-flex-column\" style=\"--awb-bg-size:cover;--awb-width-large:33.333333333333%;--awb-margin-top-large:0px;--awb-spacing-right-large:5.76%;--awb-margin-bottom-large:20px;--awb-spacing-left-large:5.76%;--awb-width-medium:33.333333333333%;--awb-order-medium:0;--awb-spacing-right-medium:5.76%;--awb-spacing-left-medium:5.76%;--awb-width-small:100%;--awb-order-small:0;--awb-spacing-right-small:1.92%;--awb-spacing-left-small:1.92%;\"><div class=\"fusion-column-wrapper fusion-column-has-shadow fusion-flex-justify-content-flex-start fusion-content-layout-column\"><div class=\"fusion-classic-product-image-wrapper fusion-woo-product-image fusion-post-card-image fusion-post-card-image-1 has-aspect-ratio\" data-layout=\"static\" style=\"--awb-aspect-ratio:1 \/ 1;\"><div  class=\"fusion-image-wrapper\" aria-haspopup=\"true\">\n\t\t\t\t\t\t\t<a href=\"https:\/\/primaria-online.primaria.eu\/blog\/noutate\/titlu-stire\/\" aria-label=\"Modernizare drum national\">\n\t\t\t\t\t\t\t<img decoding=\"async\" width=\"405\" height=\"203\" src=\"https:\/\/primaria-online.primaria.eu\/wp-content\/uploads\/2024\/04\/Fixed-Aspect-Ratio-1.png\" class=\"attachment-full size-full wp-post-image\" alt=\"\" srcset=\"https:\/\/primaria-online.primaria.eu\/wp-content\/uploads\/2024\/04\/Fixed-Aspect-Ratio-1-200x100.png 200w, https:\/\/primaria-online.primaria.eu\/wp-content\/uploads\/2024\/04\/Fixed-Aspect-Ratio-1-400x200.png 400w, https:\/\/primaria-online.primaria.eu\/wp-content\/uploads\/2024\/04\/Fixed-Aspect-Ratio-1.png 405w\" sizes=\"(min-width: 2200px) 100vw, (min-width: 640px) 1200px, \" \/>\t\t\t<\/a>\n\t\t\t\t\t\t\t<\/div>\n<\/div><\/div><\/div><div class=\"fusion-layout-column fusion_builder_column_inner fusion-builder-nested-column-3 fusion_builder_column_inner_2_3 2_3 fusion-flex-column\" style=\"--awb-bg-size:cover;--awb-width-large:66.666666666667%;--awb-margin-top-large:0px;--awb-spacing-right-large:2.88%;--awb-margin-bottom-large:20px;--awb-spacing-left-large:2.88%;--awb-width-medium:66.666666666667%;--awb-order-medium:0;--awb-spacing-right-medium:2.88%;--awb-spacing-left-medium:2.88%;--awb-width-small:100%;--awb-order-small:0;--awb-spacing-right-small:1.92%;--awb-spacing-left-small:1.92%;\"><div class=\"fusion-column-wrapper fusion-column-has-shadow fusion-flex-justify-content-flex-start fusion-content-layout-column\"><div class=\"fusion-title title fusion-title-2 fusion-sep-none fusion-title-text fusion-title-size-two\" style=\"--awb-margin-bottom:40px;--awb-font-size:24px;\"><h2 class=\"title-heading-left\" style=\"font-family:&quot;Inter&quot;;font-style:normal;font-weight:700;margin:0;font-size:1em;\"><a href=\"https:\/\/primaria-online.primaria.eu\/blog\/noutate\/titlu-stire\/\" class=\"awb-custom-text-color awb-custom-text-hover-color\" target=\"_self\">Modernizare drum national<\/a><\/h2><\/div><div class=\"fusion-meta-tb fusion-meta-tb-3 floated\" style=\"--awb-height:36px;--awb-text-color:var(--awb-color6);--awb-alignment-medium:flex-start;--awb-alignment-small:flex-start;\"><\/div><div class=\"fusion-content-tb fusion-content-tb-2\" style=\"--awb-text-color:var(--awb-color6);--awb-font-size:16px;--awb-margin-top:20px;--awb-text-transform:none;--awb-text-font-family:&quot;Inter&quot;;--awb-text-font-style:normal;--awb-text-font-weight:400;\"><p>Zilele trecute s-a aprobat asfaltarea unui drum na\u021bional, dar esen\u021bial pentru \u00eembun\u0103t\u0103\u021birea infrastructurii rutiere \u0219i asigurarea unei circula\u021bii mai sigure \u0219i mai eficiente din localitatea noastra. Etapele urmatoare pentru desfasurarea acestui proces sunt:<\/p>\n<ol>\n<li><strong>Evaluarea st\u0103rii existente<\/strong>: Speciali\u0219tii evalueaz\u0103 condi\u021biile actuale ale drumului, identific\u00e2nd gropile, fisurile \u0219i alte deficien\u021be. Aceast\u0103 etap\u0103 poate include teste de trafic \u0219i studii geotehnice.<\/li>\n<li><strong>Proiectarea<\/strong>: Dup\u0103 evaluare, inginerii dezvolt\u0103 un plan de proiectare care include specifica\u021bii tehnice pentru noul strat de asfalt, l\u0103\u021bimea drumului \u0219i alte [\u2026]\n<\/li><\/ol><\/div><div class=\"fusion-meta-tb fusion-meta-tb-4 floated\" style=\"--awb-height:36px;--awb-text-color:var(--awb-color6);--awb-alignment-medium:flex-start;--awb-alignment-small:flex-start;\"><span class=\"fusion-tb-published-date\">Published On: 17 aprilie 2024<\/span><span class=\"fusion-meta-tb-sep\"><\/span><\/div><\/div><\/div><\/div><\/div><\/li>\n<li class=\"fusion-layout-column fusion_builder_column fusion-builder-column-3 fusion-flex-column post_card_list post-card fusion-grid-column fusion-post-cards-grid-column proiecte-europene stiri\" style=\"--awb-padding-top:16px;--awb-padding-right:16px;--awb-padding-bottom:16px;--awb-padding-left:16px;--awb-overflow:visible;--awb-bg-color:var(--awb-color1);--awb-bg-color-hover:var(--awb-color1);--awb-bg-blend:overlay;--awb-bg-size:cover;--awb-box-shadow:2px 2px 3px -79px #f0f3ff;;--awb-border-color:var(--awb-color7);--awb-border-style:solid;--awb-border-radius:8px 8px 8px 8px;\" data-motion-effects=\"[{&quot;type&quot;:&quot;&quot;,&quot;scroll_type&quot;:&quot;transition&quot;,&quot;scroll_direction&quot;:&quot;up&quot;,&quot;transition_speed&quot;:&quot;1&quot;,&quot;fade_type&quot;:&quot;in&quot;,&quot;scale_type&quot;:&quot;up&quot;,&quot;initial_scale&quot;:&quot;1&quot;,&quot;max_scale&quot;:&quot;1.5&quot;,&quot;min_scale&quot;:&quot;0.5&quot;,&quot;initial_rotate&quot;:&quot;0&quot;,&quot;end_rotate&quot;:&quot;30&quot;,&quot;initial_blur&quot;:&quot;0&quot;,&quot;end_blur&quot;:&quot;3&quot;,&quot;start_element&quot;:&quot;top&quot;,&quot;start_viewport&quot;:&quot;bottom&quot;,&quot;end_element&quot;:&quot;bottom&quot;,&quot;end_viewport&quot;:&quot;top&quot;,&quot;mouse_effect&quot;:&quot;track&quot;,&quot;mouse_effect_direction&quot;:&quot;opposite&quot;,&quot;mouse_effect_speed&quot;:&quot;2&quot;,&quot;infinite_animation&quot;:&quot;float&quot;,&quot;infinite_animation_speed&quot;:&quot;2&quot;}]\" data-scroll-devices=\"small-visibility,medium-visibility,large-visibility\"><div class=\"fusion-column-wrapper fusion-column-has-shadow fusion-flex-justify-content-flex-start fusion-content-layout-column\"><div class=\"fusion-builder-row fusion-builder-row-inner fusion-row fusion-flex-align-items-flex-start\" style=\"width:104% !important;max-width:104% !important;margin-left: calc(-4% \/ 2 );margin-right: calc(-4% \/ 2 );\"><div class=\"fusion-layout-column fusion_builder_column_inner fusion-builder-nested-column-4 fusion_builder_column_inner_1_3 1_3 fusion-flex-column\" style=\"--awb-bg-size:cover;--awb-width-large:33.333333333333%;--awb-margin-top-large:0px;--awb-spacing-right-large:5.76%;--awb-margin-bottom-large:20px;--awb-spacing-left-large:5.76%;--awb-width-medium:33.333333333333%;--awb-order-medium:0;--awb-spacing-right-medium:5.76%;--awb-spacing-left-medium:5.76%;--awb-width-small:100%;--awb-order-small:0;--awb-spacing-right-small:1.92%;--awb-spacing-left-small:1.92%;\"><div class=\"fusion-column-wrapper fusion-column-has-shadow fusion-flex-justify-content-flex-start fusion-content-layout-column\"><div class=\"fusion-classic-product-image-wrapper fusion-woo-product-image fusion-post-card-image fusion-post-card-image-1 has-aspect-ratio\" data-layout=\"static\" style=\"--awb-aspect-ratio:1 \/ 1;\"><div  class=\"fusion-image-wrapper\" aria-haspopup=\"true\">\n\t\t\t\t\t\t\t<a href=\"https:\/\/primaria-online.primaria.eu\/blog\/noutate\/test\/\" aria-label=\"Inaugurare strada noua\">\n\t\t\t\t\t\t\t<img decoding=\"async\" width=\"1516\" height=\"1895\" src=\"https:\/\/primaria-online.primaria.eu\/wp-content\/uploads\/2024\/04\/ca7be2ab68d1b35967b885e5043276.jpg\" class=\"attachment-full size-full wp-post-image\" alt=\"\" srcset=\"https:\/\/primaria-online.primaria.eu\/wp-content\/uploads\/2024\/04\/ca7be2ab68d1b35967b885e5043276-200x250.jpg 200w, https:\/\/primaria-online.primaria.eu\/wp-content\/uploads\/2024\/04\/ca7be2ab68d1b35967b885e5043276-400x500.jpg 400w, https:\/\/primaria-online.primaria.eu\/wp-content\/uploads\/2024\/04\/ca7be2ab68d1b35967b885e5043276-600x750.jpg 600w, https:\/\/primaria-online.primaria.eu\/wp-content\/uploads\/2024\/04\/ca7be2ab68d1b35967b885e5043276-800x1000.jpg 800w, https:\/\/primaria-online.primaria.eu\/wp-content\/uploads\/2024\/04\/ca7be2ab68d1b35967b885e5043276-1200x1500.jpg 1200w, https:\/\/primaria-online.primaria.eu\/wp-content\/uploads\/2024\/04\/ca7be2ab68d1b35967b885e5043276.jpg 1516w\" sizes=\"(min-width: 2200px) 100vw, (min-width: 640px) 1200px, \" \/>\t\t\t<\/a>\n\t\t\t\t\t\t\t<\/div>\n<\/div><\/div><\/div><div class=\"fusion-layout-column fusion_builder_column_inner fusion-builder-nested-column-5 fusion_builder_column_inner_2_3 2_3 fusion-flex-column\" style=\"--awb-bg-size:cover;--awb-width-large:66.666666666667%;--awb-margin-top-large:0px;--awb-spacing-right-large:2.88%;--awb-margin-bottom-large:20px;--awb-spacing-left-large:2.88%;--awb-width-medium:66.666666666667%;--awb-order-medium:0;--awb-spacing-right-medium:2.88%;--awb-spacing-left-medium:2.88%;--awb-width-small:100%;--awb-order-small:0;--awb-spacing-right-small:1.92%;--awb-spacing-left-small:1.92%;\"><div class=\"fusion-column-wrapper fusion-column-has-shadow fusion-flex-justify-content-flex-start fusion-content-layout-column\"><div class=\"fusion-title title fusion-title-3 fusion-sep-none fusion-title-text fusion-title-size-two\" style=\"--awb-margin-bottom:40px;--awb-font-size:24px;\"><h2 class=\"title-heading-left\" style=\"font-family:&quot;Inter&quot;;font-style:normal;font-weight:700;margin:0;font-size:1em;\"><a href=\"https:\/\/primaria-online.primaria.eu\/blog\/noutate\/test\/\" class=\"awb-custom-text-color awb-custom-text-hover-color\" target=\"_self\">Inaugurare strada noua<\/a><\/h2><\/div><div class=\"fusion-meta-tb fusion-meta-tb-5 floated\" style=\"--awb-height:36px;--awb-text-color:var(--awb-color6);--awb-alignment-medium:flex-start;--awb-alignment-small:flex-start;\"><\/div><div class=\"fusion-content-tb fusion-content-tb-3\" style=\"--awb-text-color:var(--awb-color6);--awb-font-size:16px;--awb-margin-top:20px;--awb-text-transform:none;--awb-text-font-family:&quot;Inter&quot;;--awb-text-font-style:normal;--awb-text-font-weight:400;\"><div class=\"flex max-w-full flex-col flex-grow\">\n<div class=\"min-h-[20px] text-message flex w-full flex-col items-end gap-2 whitespace-normal break-words [.text-message+&amp;]:mt-5\" dir=\"auto\" data-message-author-role=\"assistant\" data-message-id=\"0254c6da-31c0-41a6-b01c-1e51dc9a9777\">\n<div class=\"flex w-full flex-col gap-1 empty:hidden first:pt-[3px]\">\n<div class=\"markdown prose w-full break-words dark:prose-invert light\">\n<h3><strong>HOT\u0102R\u00c2RE<\/strong><\/h3>\n<p><strong>privind inaugurarea oficial\u0103 a noii str\u0103zi [NUME STRADA] \u00een localitatea [NUME ORAS]<\/strong><\/p>\n<h3><strong>AV\u00c2ND \u00ceN VEDERE C\u0102:<\/strong><\/h3>\n<ol>\n<li><strong>Strada [NUME ORAS]<\/strong>\u00a0a fost recent finalizat\u0103 ca parte a proiectului de dezvoltare urban\u0103 din cadrul localitatii Chinteni, av\u00e2nd ca scop \u00eembun\u0103t\u0103\u021birea infrastructurii rutiere \u0219i fluidizarea traficului.<\/li>\n<li>Proiectul de construc\u021bie a fost finalizat cu succes \u00een termenul [\u2026]\n<\/li><\/ol><\/div><\/div><\/div><\/div><\/div><div class=\"fusion-meta-tb fusion-meta-tb-6 floated\" style=\"--awb-height:36px;--awb-text-color:var(--awb-color6);--awb-alignment-medium:flex-start;--awb-alignment-small:flex-start;\"><span class=\"fusion-tb-published-date\">Published On: 12 aprilie 2024<\/span><span class=\"fusion-meta-tb-sep\"><\/span><\/div><\/div><\/div><\/div><\/div><\/li>\n<\/ul><\/div><\/div><\/div><\/div><\/div>\n","protected":false},"excerpt":{"rendered":"","protected":false},"author":3,"featured_media":0,"parent":0,"menu_order":0,"comment_status":"closed","ping_status":"closed","template":"100-width.php","meta":{"_acf_changed":false,"footnotes":""},"acf":[],"_links":{"self":[{"href":"https:\/\/primaria-online.primaria.eu\/wp-json\/wp\/v2\/pages\/530"}],"collection":[{"href":"https:\/\/primaria-online.primaria.eu\/wp-json\/wp\/v2\/pages"}],"about":[{"href":"https:\/\/primaria-online.primaria.eu\/wp-json\/wp\/v2\/types\/page"}],"author":[{"embeddable":true,"href":"https:\/\/primaria-online.primaria.eu\/wp-json\/wp\/v2\/users\/3"}],"replies":[{"embeddable":true,"href":"https:\/\/primaria-online.primaria.eu\/wp-json\/wp\/v2\/comments?post=530"}],"version-history":[{"count":20,"href":"https:\/\/primaria-online.primaria.eu\/wp-json\/wp\/v2\/pages\/530\/revisions"}],"predecessor-version":[{"id":800,"href":"https:\/\/primaria-online.primaria.eu\/wp-json\/wp\/v2\/pages\/530\/revisions\/800"}],"wp:attachment":[{"href":"https:\/\/primaria-online.primaria.eu\/wp-json\/wp\/v2\/media?parent=530"}],"curies":[{"name":"wp","href":"https:\/\/api.w.org\/{rel}","templated":true}]}}